{"id":210,"date":"2020-02-04T05:20:15","date_gmt":"2020-02-04T05:20:15","guid":{"rendered":"https:\/\/demosites.io\/architecture-gb\/?page_id=210"},"modified":"2026-02-08T01:25:33","modified_gmt":"2026-02-08T01:25:33","slug":"e866c-project-details","status":"publish","type":"page","link":"https:\/\/terangazsenegal.com\/?page_id=210","title":{"rendered":"Qui sommes-nous ?"},"content":{"rendered":"\n<div id=\"wp-block-themeisle-blocks-advanced-columns-71126027\" class=\"wp-block-themeisle-blocks-advanced-columns alignfull has-1-columns has-desktop-equal-layout has-tablet-equal-layout has-mobile-equal-layout has-vertical-center\"><div class=\"wp-block-themeisle-blocks-advanced-columns-overlay\"><\/div><div class=\"innerblocks-wrap\">\n<div id=\"wp-block-themeisle-blocks-advanced-column-3173e8ac\" class=\"wp-block-themeisle-blocks-advanced-column\">\n<h1 class=\"wp-block-heading has-text-align-center has-nv-text-dark-bg-color has-text-color\">Qui sommes-nous ?<\/h1>\n\n\n\n<p class=\"has-text-align-center has-nv-text-dark-bg-color has-text-color\"><strong>T\u00e9ranGaz S\u00e9n\u00e9gal<\/strong> est une entreprise s\u00e9n\u00e9galaise sp\u00e9cialis\u00e9e dans la <strong>distribution moderne de bouteilles de gaz domestique<\/strong>, avec un objectif clair : <strong>simplifier l\u2019acc\u00e8s au gaz tout en garantissant s\u00e9curit\u00e9, rapidit\u00e9 et transparence<\/strong>.<\/p>\n\n\n\n<p class=\"has-text-align-center has-nv-text-dark-bg-color has-text-color\">Gr\u00e2ce \u00e0 une approche innovante bas\u00e9e sur le <strong>digital, l\u2019abonnement intelligent et la livraison \u00e0 domicile<\/strong>, T\u00e9ranGaz r\u00e9invente l\u2019exp\u00e9rience d\u2019achat du gaz au S\u00e9n\u00e9gal.<\/p>\n<\/div>\n<\/div><\/div>\n\n\n\n<div id=\"wp-block-themeisle-blocks-advanced-columns-05a9f139\" class=\"wp-block-themeisle-blocks-advanced-columns alignfull has-2-columns has-desktop-equal-layout has-tablet-equal-layout has-mobile-collapsedRows-layout has-vertical-center ticss-7c3b5c80 has-light-bg\"><div class=\"wp-block-themeisle-blocks-advanced-columns-overlay\"><\/div><div class=\"innerblocks-wrap\">\n<div id=\"wp-block-themeisle-blocks-advanced-column-ab343fda\" class=\"wp-block-themeisle-blocks-advanced-column\">\n<h6 class=\"wp-block-heading wp-block-themeisle-blocks-advanced-heading wp-block-themeisle-blocks-advanced-heading-6054b6ee\" id=\"wp-block-themeisle-blocks-advanced-heading-6054b6ee\"><strong>Qui sommes-nous ?<\/strong><\/h6>\n\n\n\n<h2 class=\"wp-block-heading\">\ud83d\ude80 Notre mission<\/h2>\n\n\n\n<p>Notre mission est de <strong>faciliter le quotidien des m\u00e9nages et des professionnels<\/strong> en leur offrant :<\/p>\n\n\n\n<div id=\"wp-block-themeisle-blocks-progress-bar-bae20053\" class=\"wp-block-themeisle-blocks-progress-bar ticss-0b8ade26 sm-label\" data-percent=\"65\" data-duration=\"2\"><div class=\"wp-block-themeisle-blocks-progress-bar__area\"><div class=\"wp-block-themeisle-blocks-progress-bar__area__title\"><span>Un acc\u00e8s rapide et fiable au gaz<\/span><\/div><div class=\"wp-block-themeisle-blocks-progress-bar__area__bar\"><\/div><\/div><\/div>\n\n\n\n<div id=\"wp-block-themeisle-blocks-progress-bar-95a3bc78\" class=\"wp-block-themeisle-blocks-progress-bar ticss-95a3bc78 sm-label\" data-percent=\"99\" data-duration=\"2\"><div class=\"wp-block-themeisle-blocks-progress-bar__area\"><div class=\"wp-block-themeisle-blocks-progress-bar__area__title\"><span>Des solutions d\u2019abonnement adapt\u00e9es <\/span><\/div><div class=\"wp-block-themeisle-blocks-progress-bar__area__bar\"><\/div><\/div><\/div>\n\n\n\n<div id=\"wp-block-themeisle-blocks-progress-bar-1b9aa440\" class=\"wp-block-themeisle-blocks-progress-bar ticss-cf6b61a8 sm-label\" data-percent=\"85\" data-duration=\"2\"><div class=\"wp-block-themeisle-blocks-progress-bar__area\"><div class=\"wp-block-themeisle-blocks-progress-bar__area__title\"><span>Un suivi clair et transparent des commandes<\/span><\/div><div class=\"wp-block-themeisle-blocks-progress-bar__area__bar\"><\/div><\/div><\/div>\n<\/div>\n\n\n\n<div id=\"wp-block-themeisle-blocks-advanced-column-3facdf7a\" class=\"wp-block-themeisle-blocks-advanced-column\">\n<figure class=\"wp-block-image size-full animated fadeInUp slow\"><img fetchpriority=\"high\" decoding=\"async\" width=\"688\" height=\"688\" src=\"https:\/\/terangazsenegal.com\/wp-content\/uploads\/2026\/01\/88d8bgr-1.png\" alt=\"\" class=\"wp-image-497\" srcset=\"https:\/\/terangazsenegal.com\/wp-content\/uploads\/2026\/01\/88d8bgr-1.png 688w, https:\/\/terangazsenegal.com\/wp-content\/uploads\/2026\/01\/88d8bgr-1-300x300.png 300w, https:\/\/terangazsenegal.com\/wp-content\/uploads\/2026\/01\/88d8bgr-1-150x150.png 150w\" sizes=\"(max-width: 688px) 100vw, 688px\" \/><\/figure>\n<\/div>\n<\/div><\/div>\n\n\n\n<section id=\"wp-block-themeisle-blocks-advanced-columns-e600557e\" class=\"wp-block-themeisle-blocks-advanced-columns alignfull has-1-columns has-desktop-equal-layout has-tablet-equal-layout has-mobile-equal-layout has-vertical-flex-start has-light-bg\"><div class=\"wp-block-themeisle-blocks-advanced-columns-overlay\"><\/div><div class=\"innerblocks-wrap\">\n<div id=\"wp-block-themeisle-blocks-advanced-column-8400a7b8\" class=\"wp-block-themeisle-blocks-advanced-column\">\n<section id=\"wp-block-themeisle-blocks-advanced-columns-5ab63bd5\" class=\"wp-block-themeisle-blocks-advanced-columns has-1-columns has-desktop-equal-layout has-tablet-equal-layout has-mobile-equal-layout has-vertical-flex-start\"><div class=\"wp-block-themeisle-blocks-advanced-columns-overlay\"><\/div><div class=\"innerblocks-wrap\">\n<div id=\"wp-block-themeisle-blocks-advanced-column-ecb49f6a\" class=\"wp-block-themeisle-blocks-advanced-column\">\n<h6 id=\"wp-block-themeisle-blocks-advanced-heading-9d29e9e7\" class=\"wp-block-themeisle-blocks-advanced-heading wp-block-themeisle-blocks-advanced-heading-9d29e9e7\">t\u00e9rangaz s\u00e9n\u00e9gal<\/h6>\n\n\n\n<h2 id=\"wp-block-themeisle-blocks-advanced-heading-27ac6163\" class=\"wp-block-themeisle-blocks-advanced-heading wp-block-themeisle-blocks-advanced-heading-27ac6163\">\ud83d\udc41\ufe0f Notre vision<\/h2>\n<\/div>\n<\/div><\/section>\n\n\n\n<section id=\"wp-block-themeisle-blocks-advanced-columns-588468fa\" class=\"wp-block-themeisle-blocks-advanced-columns has-2-columns has-desktop-equal-layout has-tablet-equal-layout has-mobile-collapsedRows-layout has-vertical-flex-start\"><div class=\"wp-block-themeisle-blocks-advanced-columns-overlay\"><\/div><div class=\"innerblocks-wrap\">\n<div id=\"wp-block-themeisle-blocks-advanced-column-86e1d44f\" class=\"wp-block-themeisle-blocks-advanced-column\">\n<div id=\"wp-block-themeisle-blocks-font-awesome-icons-b0b5d0b1\" class=\"wp-block-themeisle-blocks-font-awesome-icons\"><span class=\"wp-block-themeisle-blocks-font-awesome-icons-container\"><i class=\"fas fa-swatchbook\"><\/i><\/span><\/div>\n\n\n\n<h3 class=\"wp-block-heading has-text-align-center\">Expansion<\/h3>\n\n\n\n<p class=\"has-text-align-center\">Nous aspirons \u00e0 devenir <strong>une r\u00e9f\u00e9rence nationale dans la distribution de gaz<\/strong>, en mettant la <strong>s\u00e9curit\u00e9, la technologie et la satisfaction client<\/strong> au c\u0153ur de chaque service.<\/p>\n<\/div>\n\n\n\n<div id=\"wp-block-themeisle-blocks-advanced-column-c2f9c099\" class=\"wp-block-themeisle-blocks-advanced-column\">\n<div id=\"wp-block-themeisle-blocks-font-awesome-icons-fd1bf05c\" class=\"wp-block-themeisle-blocks-font-awesome-icons\"><span class=\"wp-block-themeisle-blocks-font-awesome-icons-container\"><i class=\"fas fa-truck-loading\"><\/i><\/span><\/div>\n\n\n\n<h3 class=\"wp-block-heading has-text-align-center\">Changement<\/h3>\n\n\n\n<p class=\"has-text-align-center\">T\u00e9ranGaz S\u00e9n\u00e9gal vise un mod\u00e8le durable, structur\u00e9 et accessible, capable d\u2019accompagner la croissance urbaine et les nouveaux usages \u00e9nerg\u00e9tiques.<\/p>\n<\/div>\n<\/div><\/section>\n<\/div>\n<\/div><\/section>\n\n\n\n<section id=\"wp-block-themeisle-blocks-advanced-columns-dab9e0bf\" class=\"wp-block-themeisle-blocks-advanced-columns alignfull has-1-columns has-desktop-equal-layout has-tablet-equal-layout has-mobile-equal-layout has-vertical-flex-start has-dark-bg\"><div class=\"wp-block-themeisle-blocks-advanced-columns-overlay\"><\/div><div class=\"innerblocks-wrap\">\n<div id=\"wp-block-themeisle-blocks-advanced-column-9df22226\" class=\"wp-block-themeisle-blocks-advanced-column\">\n<section id=\"wp-block-themeisle-blocks-advanced-columns-25c95699\" class=\"wp-block-themeisle-blocks-advanced-columns has-1-columns has-desktop-equal-layout has-tablet-equal-layout has-mobile-equal-layout has-vertical-flex-start\"><div class=\"wp-block-themeisle-blocks-advanced-columns-overlay\"><\/div><div class=\"innerblocks-wrap\">\n<div id=\"wp-block-themeisle-blocks-advanced-column-d4d9a4f8\" class=\"wp-block-themeisle-blocks-advanced-column\">\n<h6 id=\"wp-block-themeisle-blocks-advanced-heading-b707a917\" class=\"wp-block-themeisle-blocks-advanced-heading wp-block-themeisle-blocks-advanced-heading-b707a917\">t\u00e9rangaz s\u00e9n\u00e9gal<\/h6>\n\n\n\n<h2 id=\"wp-block-themeisle-blocks-advanced-heading-89d7d76a\" class=\"wp-block-themeisle-blocks-advanced-heading wp-block-themeisle-blocks-advanced-heading-89d7d76a\">\ud83d\udee1\ufe0f S\u00e9curit\u00e9 avant tout<\/h2>\n\n\n\n<p class=\"has-text-align-center\">Chez T\u00e9ranGaz, la s\u00e9curit\u00e9 n\u2019est pas une option :<\/p>\n\n\n\n<p class=\"has-text-align-center\">Nos livreurs sont <strong>form\u00e9s et certifi\u00e9s<\/strong><\/p>\n\n\n\n<p class=\"has-text-align-center\">Chaque livraison respecte les <strong>normes de s\u00e9curit\u00e9 GPL<\/strong><\/p>\n\n\n\n<p class=\"has-text-align-center\">Des <strong>diagnostics visuels<\/strong> sont r\u00e9alis\u00e9s lors des livraisons<\/p>\n\n\n\n<p class=\"has-text-align-center\">Les clients sont <strong>sensibilis\u00e9s aux bonnes pratiques<\/strong><\/p>\n\n\n\n<p class=\"has-text-align-center\">Notre priorit\u00e9 : <strong>prot\u00e9ger les personnes, les biens et les foyers<\/strong>.<\/p>\n<\/div>\n<\/div><\/section>\n\n\n\n<section id=\"wp-block-themeisle-blocks-advanced-columns-8e7cc7ae\" class=\"wp-block-themeisle-blocks-advanced-columns has-3-columns has-desktop-equal-layout has-tablet-equal-layout has-mobile-collapsedRows-layout has-vertical-flex-start\"><div class=\"wp-block-themeisle-blocks-advanced-columns-overlay\"><\/div><div class=\"innerblocks-wrap\">\n<div id=\"wp-block-themeisle-blocks-advanced-column-725f10a7\" class=\"wp-block-themeisle-blocks-advanced-column\">\n<figure class=\"wp-block-image size-full animated fadeInUp slow\"><img decoding=\"async\" width=\"393\" height=\"601\" src=\"https:\/\/terangazsenegal.com\/wp-content\/uploads\/2026\/01\/Capture-decran-2026-01-23-144049.png\" alt=\"\" class=\"wp-image-504\" srcset=\"https:\/\/terangazsenegal.com\/wp-content\/uploads\/2026\/01\/Capture-decran-2026-01-23-144049.png 393w, https:\/\/terangazsenegal.com\/wp-content\/uploads\/2026\/01\/Capture-decran-2026-01-23-144049-196x300.png 196w\" sizes=\"(max-width: 393px) 100vw, 393px\" \/><\/figure>\n<\/div>\n\n\n\n<div id=\"wp-block-themeisle-blocks-advanced-column-3c67f726\" class=\"wp-block-themeisle-blocks-advanced-column\">\n<figure class=\"wp-block-image size-full animated fadeInUp delay-200ms slow\"><img decoding=\"async\" width=\"387\" height=\"583\" src=\"https:\/\/terangazsenegal.com\/wp-content\/uploads\/2026\/01\/Capture-decran-2026-01-23-145059.png\" alt=\"\" class=\"wp-image-505\" srcset=\"https:\/\/terangazsenegal.com\/wp-content\/uploads\/2026\/01\/Capture-decran-2026-01-23-145059.png 387w, https:\/\/terangazsenegal.com\/wp-content\/uploads\/2026\/01\/Capture-decran-2026-01-23-145059-199x300.png 199w\" sizes=\"(max-width: 387px) 100vw, 387px\" \/><\/figure>\n<\/div>\n\n\n\n<div id=\"wp-block-themeisle-blocks-advanced-column-4956dbc0\" class=\"wp-block-themeisle-blocks-advanced-column\">\n<figure class=\"wp-block-image size-full animated fadeInUp delay-500ms slow\"><img loading=\"lazy\" decoding=\"async\" width=\"391\" height=\"595\" src=\"https:\/\/terangazsenegal.com\/wp-content\/uploads\/2026\/01\/Capture-decran-2026-01-23-145912.png\" alt=\"\" class=\"wp-image-503\" srcset=\"https:\/\/terangazsenegal.com\/wp-content\/uploads\/2026\/01\/Capture-decran-2026-01-23-145912.png 391w, https:\/\/terangazsenegal.com\/wp-content\/uploads\/2026\/01\/Capture-decran-2026-01-23-145912-197x300.png 197w\" sizes=\"(max-width: 391px) 100vw, 391px\" \/><\/figure>\n<\/div>\n<\/div><\/section>\n<\/div>\n<\/div><\/section>\n","protected":false},"excerpt":{"rendered":"","protected":false},"author":1,"featured_media":0,"parent":0,"menu_order":0,"comment_status":"closed","ping_status":"closed","template":"page-templates\/template-pagebuilder-full-width.php","meta":{"_acf_changed":false,"neve_meta_sidebar":"full-width","neve_meta_container":"","neve_meta_enable_content_width":"on","neve_meta_content_width":100,"neve_meta_title_alignment":"","neve_meta_author_avatar":"","neve_post_elements_order":"","neve_meta_disable_header":"","neve_meta_disable_footer":"","neve_meta_disable_title":"","_themeisle_gutenberg_block_has_review":false,"footnotes":""},"class_list":["post-210","page","type-page","status-publish","hentry"],"acf":[],"_links":{"self":[{"href":"https:\/\/terangazsenegal.com\/index.php?rest_route=\/wp\/v2\/pages\/210","targetHints":{"allow":["GET"]}}],"collection":[{"href":"https:\/\/terangazsenegal.com\/index.php?rest_route=\/wp\/v2\/pages"}],"about":[{"href":"https:\/\/terangazsenegal.com\/index.php?rest_route=\/wp\/v2\/types\/page"}],"author":[{"embeddable":true,"href":"https:\/\/terangazsenegal.com\/index.php?rest_route=\/wp\/v2\/users\/1"}],"replies":[{"embeddable":true,"href":"https:\/\/terangazsenegal.com\/index.php?rest_route=%2Fwp%2Fv2%2Fcomments&post=210"}],"version-history":[{"count":1,"href":"https:\/\/terangazsenegal.com\/index.php?rest_route=\/wp\/v2\/pages\/210\/revisions"}],"predecessor-version":[{"id":617,"href":"https:\/\/terangazsenegal.com\/index.php?rest_route=\/wp\/v2\/pages\/210\/revisions\/617"}],"wp:attachment":[{"href":"https:\/\/terangazsenegal.com\/index.php?rest_route=%2Fwp%2Fv2%2Fmedia&parent=210"}],"curies":[{"name":"wp","href":"https:\/\/api.w.org\/{rel}","templated":true}]}}